{"id":2204,"date":"2024-06-29T13:07:48","date_gmt":"2024-06-29T11:07:48","guid":{"rendered":"https:\/\/pagodietetyka.pl\/?post_type=product&#038;p=2204"},"modified":"2025-12-01T14:18:19","modified_gmt":"2025-12-01T13:18:19","slug":"pakiet-szkolen-zywienie-i-suplementacja-w-okresie-redukcji-tkanki-tluszczowej-oraz-suplementacja-w-sporcie-dla-kazdego","status":"publish","type":"product","link":"https:\/\/pagodietetyka.pl\/product\/pakiet-szkolen-zywienie-i-suplementacja-w-okresie-redukcji-tkanki-tluszczowej-oraz-suplementacja-w-sporcie-dla-kazdego\/","title":{"rendered":"Pakiet Szkole\u0144: \u017bywienie i suplementacja w okresie redukcji tkanki t\u0142uszczowej ORAZ Suplementacja w sporcie dla ka\u017cdego"},"content":{"rendered":"<h3 class=\"text-blue-gradient\"><strong>Szkolenie \u017bywienie i suplementacja w okresie redukcji tkanki t\u0142uszczowej<\/strong><\/h3>\n<p>Certyfikowane szkolenie, kt\u00f3re odby\u0142o si\u0119 17.12.2022.<\/p>\n<p><strong>Dla kogo jest to szkolenie?<\/strong><\/p>\n<ul>\n<li>dla ka\u017cdego kto chce pog\u0142\u0119bi\u0107 swoj\u0105 wiedz\u0119 na temat redukcji tkanki t\u0142uszczowej u siebie jak i u swoich podopiecznych,<\/li>\n<li>dla trener\u00f3w i dietetyk\u00f3w, student\u00f3w tych jak i pokrewnych kierunk\u00f3w, kt\u00f3rzy chc\u0105 pracowa\u0107 z innymi osobami.<\/li>\n<\/ul>\n<p><strong>Na szkoleniu dowiesz si\u0119:<\/strong><\/p>\n<ul>\n<li>co warunkuje redukcj\u0119 t\u0142uszczu,\u00a0<strong>przy utrzymaniu masy mi\u0119\u015bniowej<\/strong>,<\/li>\n<li>jak planowa\u0107 jad\u0142ospis w celu redukcji tkanki t\u0142uszczowej,<\/li>\n<li>jakie\u00a0<strong>suplementy<\/strong>\u00a0s\u0105 pomocne na redukcji,<\/li>\n<li>jak i jakich strategii dietetycznych u\u017cy\u0107 by m.in.\u00a0<strong>je\u015b\u0107 wi\u0119cej i nadal \u201espala\u0107\u201d t\u0142uszcz<\/strong>,<\/li>\n<li>co robi\u0107, gdy\u00a0<strong>mimo ma\u0142ego spo\u017cycia energii<\/strong>\u00a0Twoja tkanka t\u0142uszczowa nie \u201espada\u201d,<\/li>\n<li>jak nauka podchodzi do tematu odchudzania,<\/li>\n<li>jak prze\u0142ama\u0107\u00a0<strong>stagnacj\u0119<\/strong>\u00a0na redukcji,<\/li>\n<li>jakich\u00a0<strong>b\u0142\u0119d\u00f3w<\/strong>\u00a0nie pope\u0142nia\u0107<\/li>\n<li>i wiele innych\u2026<\/li>\n<\/ul>\n<p>Jestem osob\u0105, kt\u00f3ra na pierwszym miejscu stawia normalne i racjonalne podej\u015bcie do diety, nie naucz\u0119 Ci\u0119 schemat\u00f3w ze studi\u00f3w, naucz\u0119 Ci\u0119 jak podej\u015b\u0107 indywidualnie do ka\u017cdej osoby i osi\u0105gn\u0105\u0107 zamierzony cel.<\/p>\n<h3 class=\"text-blue-gradient\"><strong>Szkolenie Suplementacja w sporcie dla ka\u017cdego<\/strong><\/h3>\n<p><strong>SZKOLENIE ODBY\u0141O SI\u0118 W DW\u00d3CH WEBINARACH:<\/strong><\/p>\n<p><strong>22.06.2024\u00a0<\/strong><\/p>\n<p><strong>29.06.2024\u00a0<\/strong><\/p>\n<h4><strong>Kilka s\u0142\u00f3w od prowadz\u0105cego<\/strong><\/h4>\n<p>Obecnie rynek suplement\u00f3w jest bardzo zr\u00f3\u017cnicowany i niestety wiele produkt\u00f3w nie dzia\u0142a tak jak deklaruje producent. Po odbyciu tego szkolenia nie dasz si\u0119 nabi\u0107 w butelk\u0119 i b\u0119dziesz umia\u0142\/a dobra\u0107 suplementacj\u0119 dla siebie, dla klient\u00f3w bez wi\u0119kszego problemu tak by rzeczywi\u015bcie by\u0142a pomocna w osi\u0105gni\u0119ciu celu, czy to sportowego, czy zdrowotnego.<\/p>\n<h3><strong>Dla kogo jest to szkolenie?<\/strong><\/h3>\n<ul>\n<li>dla ka\u017cdego kto chce pog\u0142\u0119bi\u0107 swoj\u0105 wiedz\u0119 na temat szeroko poj\u0119tej suplementacji,<\/li>\n<li>dla trener\u00f3w i dietetyk\u00f3w, student\u00f3w tych jak i pokrewnych kierunk\u00f3w, kt\u00f3rzy chc\u0105 pracowa\u0107 lub ju\u017c pracuj\u0105 z klientami.<\/li>\n<\/ul>\n<h3><strong>Co jest na szkoleniu?<\/strong><\/h3>\n<p>Poza oczywistym om\u00f3wieniem suplement\u00f3w (lista poni\u017cej) przy ka\u017cdym suplemencie dostajesz szczeg\u00f3\u0142owe informacje:<\/p>\n<ul>\n<li>jak, kiedy i dlaczego dawkowa\u0107 dany produkt,<\/li>\n<li>jakie produkty s\u0105 najbardziej korzystnie cenowo i jako\u015bciowo,<\/li>\n<li>na temat mechanizm\u00f3w dzia\u0142ania suplement\u00f3w,<\/li>\n<li>o tym, czy rzeczywi\u015bcie warto inwestowa\u0107 w dany specyfik,<\/li>\n<li><strong>i wiele innych\u2026<\/strong><\/li>\n<\/ul>\n<h3><strong>Na szkoleniu omawiam nast\u0119puj\u0105ce suplementy:<\/strong><\/h3>\n<ul>\n<li aria-level=\"1\"><strong>Suplementacja dla zdrowia \u2013 fundament<\/strong>\n<ol>\n<li aria-level=\"2\">Witamina D3<\/li>\n<li aria-level=\"2\">Kwasy t\u0142uszczowe n-3 (omega-3)<\/li>\n<\/ol>\n<\/li>\n<li aria-level=\"1\"><strong>Suplementacja w okresie budowy masy mi\u0119\u015bniowej oraz redukcji tkanki t\u0142uszczowej<\/strong>\n<ol>\n<li aria-level=\"2\">Kreatyna<\/li>\n<li aria-level=\"2\">Cytrulina<\/li>\n<li aria-level=\"2\">Azotany<\/li>\n<li aria-level=\"2\">Beta-alanina<\/li>\n<li aria-level=\"2\">Kofeina<\/li>\n<\/ol>\n<\/li>\n<li aria-level=\"1\"><strong>Suplementacja dla zdrowia staw\u00f3w i \u015bci\u0119gien<\/strong>\n<ol>\n<li aria-level=\"2\">Kolagen<\/li>\n<li aria-level=\"2\">MSM<\/li>\n<li aria-level=\"2\">Kurkumina + Piperyna<\/li>\n<li aria-level=\"2\">Chondroityna<\/li>\n<li aria-level=\"2\">Boswellia Serrata<\/li>\n<\/ol>\n<\/li>\n<li aria-level=\"1\"><strong>Suplementacja na odporno\u015b\u0107<\/strong>\n<ol>\n<li aria-level=\"2\">Cynk<\/li>\n<li aria-level=\"2\">Probiotyki<\/li>\n<li aria-level=\"2\">Antyoksydanty og\u00f3\u0142em<\/li>\n<li aria-level=\"2\">Echinacea<\/li>\n<\/ol>\n<\/li>\n<li><strong>Suplementacja dla snu<\/strong>\n<ol>\n<li aria-level=\"2\">Melatonina<\/li>\n<li aria-level=\"2\">Ashwagandha<\/li>\n<li aria-level=\"2\">Chmiel<\/li>\n<li aria-level=\"2\">Magnez<\/li>\n<li aria-level=\"2\">Tryptofan<\/li>\n<li aria-level=\"2\">Waleriana<\/li>\n<\/ol>\n<\/li>\n<li aria-level=\"1\"><strong>Suplementacja dla poprawy funkcjonowania uk\u0142adu pokarmowego<\/strong>\n<ol>\n<li aria-level=\"2\">Nasiona Babki P\u0142esznik<\/li>\n<li aria-level=\"2\">Ma\u015blan sodu<\/li>\n<li aria-level=\"2\">Olejek z mi\u0119ty pieprzowej<\/li>\n<li aria-level=\"2\">Plantarum 299v<\/li>\n<\/ol>\n<\/li>\n<li><strong>Inne suplementy<\/strong>\n<ol>\n<li aria-level=\"1\">L-dopa<\/li>\n<li aria-level=\"1\">Berberyna<\/li>\n<li aria-level=\"1\">MACA<\/li>\n<li aria-level=\"1\">Olejek rozmarynowy<\/li>\n<li aria-level=\"1\">Kwas GLA<\/li>\n<\/ol>\n<\/li>\n<\/ul>\n<p><strong>Co po zakupie?<\/strong><\/p>\n<p>Po zakupie, dostaniesz maila z\u00a0<strong>linkiem do nagra\u0144 (najlepiej je pobra\u0107)<\/strong>\u00a0oraz\u00a0<strong>imienne certyfikaty<\/strong> potwierdzaj\u0105ce uczestnictwo w szkoleniach.<\/p>\n","protected":false},"excerpt":{"rendered":"<p>Szkolenie \u017bywienie i suplementacja w okresie redukcji tkanki t\u0142uszczowej Certyfikowane szkolenie, kt\u00f3re odby\u0142o si\u0119 17.12.2022. Dla kogo jest to szkolenie? dla ka\u017cdego kto chce pog\u0142\u0119bi\u0107 swoj\u0105 wiedz\u0119 na temat redukcji tkanki t\u0142uszczowej u siebie jak i u swoich podopiecznych, dla trener\u00f3w i dietetyk\u00f3w, student\u00f3w tych jak i pokrewnych kierunk\u00f3w, kt\u00f3rzy chc\u0105 pracowa\u0107 z innymi osobami. [&hellip;]<\/p>\n","protected":false},"featured_media":2206,"template":"","meta":[],"product_brand":[],"product_cat":[726],"product_tag":[125,129,468,568,569,633,634,635,636,639],"class_list":{"0":"post-2204","1":"product","2":"type-product","3":"status-publish","4":"has-post-thumbnail","6":"product_cat-pakiety-wiedzy","7":"product_tag-dietetyk-kliniczny-kielce","8":"product_tag-dieta-dla-par","9":"product_tag-dietetyk","10":"product_tag-szkolenie-online","11":"product_tag-certyfikat","12":"product_tag-dieta-na-chudniecie","13":"product_tag-dieta-na-redukcje","14":"product_tag-dieta-online","15":"product_tag-dietetyk-warszawa","16":"product_tag-dieta-keto-online","18":"first","19":"instock","20":"virtual","21":"purchasable","22":"product-type-simple"},"yoast_head":"<!-- This site is optimized with the Yoast SEO plugin v26.8 - https:\/\/yoast.com\/product\/yoast-seo-wordpress\/ -->\n<title>Dietetyka Kuba P\u0105gowski | Dietetyk Kielce<\/title>\n<meta name=\"description\" content=\"Chcesz si\u0119 szkoli\u0107 w zakresie od\u017cywienia i suplementacji? Ten pakiet zawieraj\u0105cy szkolenia dietetyczne to najlepsza inwestycja w siebie.\" \/>\n<meta name=\"robots\" content=\"index, follow, max-snippet:-1, max-image-preview:large, max-video-preview:-1\" \/>\n<link rel=\"canonical\" href=\"https:\/\/pagodietetyka.pl\/product\/pakiet-szkolen-zywienie-i-suplementacja-w-okresie-redukcji-tkanki-tluszczowej-oraz-suplementacja-w-sporcie-dla-kazdego\/\" \/>\n<meta property=\"og:locale\" content=\"pl_PL\" \/>\n<meta property=\"og:type\" content=\"article\" \/>\n<meta property=\"og:title\" content=\"Dietetyka Kuba P\u0105gowski | Dietetyk Kielce\" \/>\n<meta property=\"og:description\" content=\"Chcesz si\u0119 szkoli\u0107 w zakresie od\u017cywienia i suplementacji? Ten pakiet zawieraj\u0105cy szkolenia dietetyczne to najlepsza inwestycja w siebie.\" \/>\n<meta property=\"og:url\" content=\"https:\/\/pagodietetyka.pl\/product\/pakiet-szkolen-zywienie-i-suplementacja-w-okresie-redukcji-tkanki-tluszczowej-oraz-suplementacja-w-sporcie-dla-kazdego\/\" \/>\n<meta property=\"og:site_name\" content=\"Dietetyka Kuba P\u0105gowski | Dietetyk Kielce\" \/>\n<meta property=\"article:modified_time\" content=\"2025-12-01T13:18:19+00:00\" \/>\n<meta property=\"og:image\" content=\"https:\/\/pagodietetyka.pl\/wp-content\/uploads\/2024\/06\/okladka-szkolenia.png\" \/>\n\t<meta property=\"og:image:width\" content=\"1080\" \/>\n\t<meta property=\"og:image:height\" content=\"1920\" \/>\n\t<meta property=\"og:image:type\" content=\"image\/png\" \/>\n<meta name=\"twitter:card\" content=\"summary_large_image\" \/>\n<meta name=\"twitter:label1\" content=\"Szacowany czas czytania\" \/>\n\t<meta name=\"twitter:data1\" content=\"3 minuty\" \/>\n<script type=\"application\/ld+json\" class=\"yoast-schema-graph\">{\"@context\":\"https:\/\/schema.org\",\"@graph\":[{\"@type\":\"WebPage\",\"@id\":\"https:\/\/pagodietetyka.pl\/product\/pakiet-szkolen-zywienie-i-suplementacja-w-okresie-redukcji-tkanki-tluszczowej-oraz-suplementacja-w-sporcie-dla-kazdego\/\",\"url\":\"https:\/\/pagodietetyka.pl\/product\/pakiet-szkolen-zywienie-i-suplementacja-w-okresie-redukcji-tkanki-tluszczowej-oraz-suplementacja-w-sporcie-dla-kazdego\/\",\"name\":\"Dietetyka Kuba P\u0105gowski | Dietetyk Kielce\",\"isPartOf\":{\"@id\":\"https:\/\/pagodietetyka.pl\/#website\"},\"primaryImageOfPage\":{\"@id\":\"https:\/\/pagodietetyka.pl\/product\/pakiet-szkolen-zywienie-i-suplementacja-w-okresie-redukcji-tkanki-tluszczowej-oraz-suplementacja-w-sporcie-dla-kazdego\/#primaryimage\"},\"image\":{\"@id\":\"https:\/\/pagodietetyka.pl\/product\/pakiet-szkolen-zywienie-i-suplementacja-w-okresie-redukcji-tkanki-tluszczowej-oraz-suplementacja-w-sporcie-dla-kazdego\/#primaryimage\"},\"thumbnailUrl\":\"https:\/\/pagodietetyka.pl\/wp-content\/uploads\/2024\/06\/okladka-szkolenia.png\",\"datePublished\":\"2024-06-29T11:07:48+00:00\",\"dateModified\":\"2025-12-01T13:18:19+00:00\",\"description\":\"Chcesz si\u0119 szkoli\u0107 w zakresie od\u017cywienia i suplementacji? Ten pakiet zawieraj\u0105cy szkolenia dietetyczne to najlepsza inwestycja w siebie.\",\"breadcrumb\":{\"@id\":\"https:\/\/pagodietetyka.pl\/product\/pakiet-szkolen-zywienie-i-suplementacja-w-okresie-redukcji-tkanki-tluszczowej-oraz-suplementacja-w-sporcie-dla-kazdego\/#breadcrumb\"},\"inLanguage\":\"pl-PL\",\"potentialAction\":[{\"@type\":\"ReadAction\",\"target\":[\"https:\/\/pagodietetyka.pl\/product\/pakiet-szkolen-zywienie-i-suplementacja-w-okresie-redukcji-tkanki-tluszczowej-oraz-suplementacja-w-sporcie-dla-kazdego\/\"]}]},{\"@type\":\"ImageObject\",\"inLanguage\":\"pl-PL\",\"@id\":\"https:\/\/pagodietetyka.pl\/product\/pakiet-szkolen-zywienie-i-suplementacja-w-okresie-redukcji-tkanki-tluszczowej-oraz-suplementacja-w-sporcie-dla-kazdego\/#primaryimage\",\"url\":\"https:\/\/pagodietetyka.pl\/wp-content\/uploads\/2024\/06\/okladka-szkolenia.png\",\"contentUrl\":\"https:\/\/pagodietetyka.pl\/wp-content\/uploads\/2024\/06\/okladka-szkolenia.png\",\"width\":1080,\"height\":1920,\"caption\":\"szkolenia redukcja suplementy\"},{\"@type\":\"BreadcrumbList\",\"@id\":\"https:\/\/pagodietetyka.pl\/product\/pakiet-szkolen-zywienie-i-suplementacja-w-okresie-redukcji-tkanki-tluszczowej-oraz-suplementacja-w-sporcie-dla-kazdego\/#breadcrumb\",\"itemListElement\":[{\"@type\":\"ListItem\",\"position\":1,\"name\":\"Strona g\u0142\u00f3wna\",\"item\":\"https:\/\/pagodietetyka.pl\/\"},{\"@type\":\"ListItem\",\"position\":2,\"name\":\"Sklep\",\"item\":\"https:\/\/pagodietetyka.pl\/kup-diete\/\"},{\"@type\":\"ListItem\",\"position\":3,\"name\":\"Pakiet Szkole\u0144: \u017bywienie i suplementacja w okresie redukcji tkanki t\u0142uszczowej ORAZ Suplementacja w sporcie dla ka\u017cdego\"}]},{\"@type\":\"WebSite\",\"@id\":\"https:\/\/pagodietetyka.pl\/#website\",\"url\":\"https:\/\/pagodietetyka.pl\/\",\"name\":\"Dietetyka Kuba P\u0105gowski | Dietetyk Kielce\",\"description\":\"Dietetyka, \u017cywienie, zdrowie\",\"potentialAction\":[{\"@type\":\"SearchAction\",\"target\":{\"@type\":\"EntryPoint\",\"urlTemplate\":\"https:\/\/pagodietetyka.pl\/?s={search_term_string}\"},\"query-input\":{\"@type\":\"PropertyValueSpecification\",\"valueRequired\":true,\"valueName\":\"search_term_string\"}}],\"inLanguage\":\"pl-PL\"}]}<\/script>\n<!-- \/ Yoast SEO plugin. -->","yoast_head_json":{"title":"Dietetyka Kuba P\u0105gowski | Dietetyk Kielce","description":"Chcesz si\u0119 szkoli\u0107 w zakresie od\u017cywienia i suplementacji? Ten pakiet zawieraj\u0105cy szkolenia dietetyczne to najlepsza inwestycja w siebie.","robots":{"index":"index","follow":"follow","max-snippet":"max-snippet:-1","max-image-preview":"max-image-preview:large","max-video-preview":"max-video-preview:-1"},"canonical":"https:\/\/pagodietetyka.pl\/product\/pakiet-szkolen-zywienie-i-suplementacja-w-okresie-redukcji-tkanki-tluszczowej-oraz-suplementacja-w-sporcie-dla-kazdego\/","og_locale":"pl_PL","og_type":"article","og_title":"Dietetyka Kuba P\u0105gowski | Dietetyk Kielce","og_description":"Chcesz si\u0119 szkoli\u0107 w zakresie od\u017cywienia i suplementacji? Ten pakiet zawieraj\u0105cy szkolenia dietetyczne to najlepsza inwestycja w siebie.","og_url":"https:\/\/pagodietetyka.pl\/product\/pakiet-szkolen-zywienie-i-suplementacja-w-okresie-redukcji-tkanki-tluszczowej-oraz-suplementacja-w-sporcie-dla-kazdego\/","og_site_name":"Dietetyka Kuba P\u0105gowski | Dietetyk Kielce","article_modified_time":"2025-12-01T13:18:19+00:00","og_image":[{"width":1080,"height":1920,"url":"https:\/\/pagodietetyka.pl\/wp-content\/uploads\/2024\/06\/okladka-szkolenia.png","type":"image\/png"}],"twitter_card":"summary_large_image","twitter_misc":{"Szacowany czas czytania":"3 minuty"},"schema":{"@context":"https:\/\/schema.org","@graph":[{"@type":"WebPage","@id":"https:\/\/pagodietetyka.pl\/product\/pakiet-szkolen-zywienie-i-suplementacja-w-okresie-redukcji-tkanki-tluszczowej-oraz-suplementacja-w-sporcie-dla-kazdego\/","url":"https:\/\/pagodietetyka.pl\/product\/pakiet-szkolen-zywienie-i-suplementacja-w-okresie-redukcji-tkanki-tluszczowej-oraz-suplementacja-w-sporcie-dla-kazdego\/","name":"Dietetyka Kuba P\u0105gowski | Dietetyk Kielce","isPartOf":{"@id":"https:\/\/pagodietetyka.pl\/#website"},"primaryImageOfPage":{"@id":"https:\/\/pagodietetyka.pl\/product\/pakiet-szkolen-zywienie-i-suplementacja-w-okresie-redukcji-tkanki-tluszczowej-oraz-suplementacja-w-sporcie-dla-kazdego\/#primaryimage"},"image":{"@id":"https:\/\/pagodietetyka.pl\/product\/pakiet-szkolen-zywienie-i-suplementacja-w-okresie-redukcji-tkanki-tluszczowej-oraz-suplementacja-w-sporcie-dla-kazdego\/#primaryimage"},"thumbnailUrl":"https:\/\/pagodietetyka.pl\/wp-content\/uploads\/2024\/06\/okladka-szkolenia.png","datePublished":"2024-06-29T11:07:48+00:00","dateModified":"2025-12-01T13:18:19+00:00","description":"Chcesz si\u0119 szkoli\u0107 w zakresie od\u017cywienia i suplementacji? Ten pakiet zawieraj\u0105cy szkolenia dietetyczne to najlepsza inwestycja w siebie.","breadcrumb":{"@id":"https:\/\/pagodietetyka.pl\/product\/pakiet-szkolen-zywienie-i-suplementacja-w-okresie-redukcji-tkanki-tluszczowej-oraz-suplementacja-w-sporcie-dla-kazdego\/#breadcrumb"},"inLanguage":"pl-PL","potentialAction":[{"@type":"ReadAction","target":["https:\/\/pagodietetyka.pl\/product\/pakiet-szkolen-zywienie-i-suplementacja-w-okresie-redukcji-tkanki-tluszczowej-oraz-suplementacja-w-sporcie-dla-kazdego\/"]}]},{"@type":"ImageObject","inLanguage":"pl-PL","@id":"https:\/\/pagodietetyka.pl\/product\/pakiet-szkolen-zywienie-i-suplementacja-w-okresie-redukcji-tkanki-tluszczowej-oraz-suplementacja-w-sporcie-dla-kazdego\/#primaryimage","url":"https:\/\/pagodietetyka.pl\/wp-content\/uploads\/2024\/06\/okladka-szkolenia.png","contentUrl":"https:\/\/pagodietetyka.pl\/wp-content\/uploads\/2024\/06\/okladka-szkolenia.png","width":1080,"height":1920,"caption":"szkolenia redukcja suplementy"},{"@type":"BreadcrumbList","@id":"https:\/\/pagodietetyka.pl\/product\/pakiet-szkolen-zywienie-i-suplementacja-w-okresie-redukcji-tkanki-tluszczowej-oraz-suplementacja-w-sporcie-dla-kazdego\/#breadcrumb","itemListElement":[{"@type":"ListItem","position":1,"name":"Strona g\u0142\u00f3wna","item":"https:\/\/pagodietetyka.pl\/"},{"@type":"ListItem","position":2,"name":"Sklep","item":"https:\/\/pagodietetyka.pl\/kup-diete\/"},{"@type":"ListItem","position":3,"name":"Pakiet Szkole\u0144: \u017bywienie i suplementacja w okresie redukcji tkanki t\u0142uszczowej ORAZ Suplementacja w sporcie dla ka\u017cdego"}]},{"@type":"WebSite","@id":"https:\/\/pagodietetyka.pl\/#website","url":"https:\/\/pagodietetyka.pl\/","name":"Dietetyka Kuba P\u0105gowski | Dietetyk Kielce","description":"Dietetyka, \u017cywienie, zdrowie","potentialAction":[{"@type":"SearchAction","target":{"@type":"EntryPoint","urlTemplate":"https:\/\/pagodietetyka.pl\/?s={search_term_string}"},"query-input":{"@type":"PropertyValueSpecification","valueRequired":true,"valueName":"search_term_string"}}],"inLanguage":"pl-PL"}]}},"gutenberg_blocks":[],"meta_data":{"choose_view":"normal","intro_text":"","icon":false,"list":false,"save":"","extra_info":""},"_links":{"self":[{"href":"https:\/\/pagodietetyka.pl\/index.php\/wp-json\/wp\/v2\/product\/2204","targetHints":{"allow":["GET"]}}],"collection":[{"href":"https:\/\/pagodietetyka.pl\/index.php\/wp-json\/wp\/v2\/product"}],"about":[{"href":"https:\/\/pagodietetyka.pl\/index.php\/wp-json\/wp\/v2\/types\/product"}],"wp:featuredmedia":[{"embeddable":true,"href":"https:\/\/pagodietetyka.pl\/index.php\/wp-json\/wp\/v2\/media\/2206"}],"wp:attachment":[{"href":"https:\/\/pagodietetyka.pl\/index.php\/wp-json\/wp\/v2\/media?parent=2204"}],"wp:term":[{"taxonomy":"product_brand","embeddable":true,"href":"https:\/\/pagodietetyka.pl\/index.php\/wp-json\/wp\/v2\/product_brand?post=2204"},{"taxonomy":"product_cat","embeddable":true,"href":"https:\/\/pagodietetyka.pl\/index.php\/wp-json\/wp\/v2\/product_cat?post=2204"},{"taxonomy":"product_tag","embeddable":true,"href":"https:\/\/pagodietetyka.pl\/index.php\/wp-json\/wp\/v2\/product_tag?post=2204"}],"curies":[{"name":"wp","href":"https:\/\/api.w.org\/{rel}","templated":true}]}}